{"id":2,"date":"2014-04-05T19:59:08","date_gmt":"2014-04-05T22:59:08","guid":{"rendered":"http:\/\/abesc.com.br\/?page_id=2"},"modified":"2025-07-14T19:15:33","modified_gmt":"2025-07-14T22:15:33","slug":"pagina-exemplo","status":"publish","type":"page","link":"https:\/\/abesc.com.br\/","title":{"rendered":"In\u00edcio"},"content":{"rendered":"<p><\/p>\n\n\n<\/p>\n<figure><a href=\"http:\/\/abesc.com.br\/wp-content\/uploads\/2017\/12\/Fundo-Branco-2.jpg\"><img decoding=\"async\" src=\"http:\/\/abesc.com.br\/wp-content\/uploads\/2017\/12\/Fundo-Branco-2-e1622905029354-300x138.jpg\" alt=\"\" width=\"300\" height=\"138\"><\/a><\/figure>\n<p>\n\n\n<p><\/p>\n<p><\/p>\n\n\n<\/p>\n<p>A ABESC \u2013 Associa\u00e7\u00e3o Buritis de Esporte e Cultura \u00e9 uma organiza\u00e7\u00e3o n\u00e3o governamental, sem fins lucrativos, fundada em 22 de Dezembro de 2009, por profissionais de Educa\u00e7\u00e3o F\u00edsica, com a Vis\u00e3o de se tornar uma entidade esportiva de refer\u00eancia na modalidade handebol em Minas Gerais.<\/p>\n<p>\n\n\n<p><\/p>\n<p><\/p>\n\n\n<\/p>\n<p>Durante os anos de atividades a ABESC participou de v\u00e1rias competi\u00e7\u00f5es estaduais e nacionais de handebol, conseguindo, al\u00e9m de v\u00e1rios t\u00edtulos o reconhecimento como o melhor clube do ano de 2011 pela Federa\u00e7\u00e3o Mineira de Handebol, concretizando assim o objetivo pela qual a ABESC foi criada.<\/p>\n<p>\n\n\n<p><\/p>\n<p><\/p>\n\n\n<\/p>\n<p>Come\u00e7amos ent\u00e3o a caminhar na meta de ampliar o n\u00famero de atletas praticantes de handebol e criamos diversos n\u00facleos esportivos da ABESC, que atualmente funcionam nas cidades mineiras de Belo Horizonte e Jo\u00e3o Monlevade.<\/p>\n<p>\n\n\n<p><\/p>\n<p><\/p>\n\n\n<\/p>\n<p>Os trabalhos na ABESC s\u00e3o voltados para uma maior profissionaliza\u00e7\u00e3o dos professores envolvidos com os treinamentos, melhorias na qualidade e estruturas dos treinamentos e amplia\u00e7\u00e3o do n\u00famero de atletas envolvidos com as equipes e projetos sociais. Atualmente atendemos mais de 800 aluno-atletas com treinamentos gratuitos de handebol nas equipes de competi\u00e7\u00e3o e nos n\u00facleos esportivos. Convidamos voc\u00ea a conhecer cada um destes projetos em nossa p\u00e1gina.<\/p>\n<p>\n\n\n<p><\/p>\n<p><\/p>\n\n\n<\/p>\n<p>\n\n\n<p><\/p>\n<p><\/p>\n\n\n<\/p>\n<p>\n\n\n<p><\/p>\n<p><\/p>\n\n\n<\/p>\n<figure><a href=\"http:\/\/abesc.com.br\/wp-content\/uploads\/2024\/06\/ABESC-SELE-763-26-scaled.jpg\"><img fetchpriority=\"high\" decoding=\"async\" src=\"http:\/\/abesc.com.br\/wp-content\/uploads\/2024\/06\/ABESC-SELE-763-26-683x1024.jpg\" alt=\"\" width=\"489\" height=\"733\"><\/a><\/figure>\n<p>\n\n\n<p><\/p>\n<p><\/p>\n\n\n<\/p>\n<figure><a href=\"http:\/\/abesc.com.br\/wp-content\/uploads\/2024\/06\/Imagem-do-WhatsApp-de-2024-06-17-as-19.03.40_dc814360.jpg\"><img decoding=\"async\" src=\"http:\/\/abesc.com.br\/wp-content\/uploads\/2024\/06\/Imagem-do-WhatsApp-de-2024-06-17-as-19.03.40_dc814360-1024x682.jpg\" alt=\"\" width=\"570\" height=\"380\"><\/a><\/figure>\n<p>\n\n\n<p><\/p>\n<p><\/p>\n\n\n<\/p>\n<figure><a href=\"http:\/\/abesc.com.br\/wp-content\/uploads\/2024\/06\/ABESC-SELE-752-25-scaled.jpg\"><img loading=\"lazy\" decoding=\"async\" src=\"http:\/\/abesc.com.br\/wp-content\/uploads\/2024\/06\/ABESC-SELE-752-25-1024x683.jpg\" alt=\"\" width=\"556\" height=\"371\"><\/a><\/figure>\n<p>\n\n\n<p><\/p>\n<p><\/p>\n\n\n<\/p>\n<figure><a href=\"http:\/\/abesc.com.br\/wp-content\/uploads\/2024\/06\/Imagem-do-WhatsApp-de-2024-06-10-as-16.37.23_8edd0d30.jpg\"><img loading=\"lazy\" decoding=\"async\" src=\"http:\/\/abesc.com.br\/wp-content\/uploads\/2024\/06\/Imagem-do-WhatsApp-de-2024-06-10-as-16.37.23_8edd0d30-768x1024.jpg\" alt=\"\" width=\"484\" height=\"645\"><\/a><\/figure>\n<p>\n\n\n<p><\/p>\n<p><\/p>\n\n\n<\/p>\n<figure><a href=\"http:\/\/abesc.com.br\/wp-content\/uploads\/2024\/06\/Imagem-do-WhatsApp-de-2024-06-17-as-19.03.39_97078876.jpg\"><img loading=\"lazy\" decoding=\"async\" src=\"http:\/\/abesc.com.br\/wp-content\/uploads\/2024\/06\/Imagem-do-WhatsApp-de-2024-06-17-as-19.03.39_97078876-682x1024.jpg\" alt=\"\" width=\"522\" height=\"784\"><\/a><\/figure>\n<p>\n\n\n<p><\/p>\n<p><!-- \/wp:post-content --><!-- wp:paragraph --><\/p>\n<p>&nbsp;<\/p>\n<p>&nbsp; &nbsp; &nbsp; &nbsp; &nbsp; &nbsp; &nbsp; &nbsp; &nbsp; &nbsp; &nbsp; &nbsp; &nbsp; &nbsp; &nbsp; &nbsp; &nbsp; &nbsp; &nbsp;<\/p>\n<p>&nbsp;&nbsp; &nbsp; &nbsp; &nbsp; &nbsp; &nbsp; &nbsp; &nbsp; &nbsp; &nbsp; &nbsp; &nbsp; &nbsp; &nbsp; &nbsp; &nbsp; &nbsp; &nbsp; &nbsp; &nbsp; &nbsp; &nbsp; &nbsp; &nbsp; &nbsp; &nbsp; &nbsp; &nbsp;<iframe title=\"Centro Esportivo e Cultural da ABESC\" src=\"https:\/\/maps.google.com\/maps?q=Centro%20Esportivo%20e%20Cultural%20da%20ABESC&amp;t=m&amp;z=12&amp;output=embed&amp;iwloc=near\" aria-label=\"Centro Esportivo e Cultural da ABESC\"><\/iframe><\/p>","protected":false},"excerpt":{"rendered":"<p>A ABESC \u2013 Associa\u00e7\u00e3o Buritis de Esporte e Cultura \u00e9 uma organiza\u00e7\u00e3o n\u00e3o governamental, sem fins lucrativos, fundada em 22 de Dezembro de 2009, por profissionais de Educa\u00e7\u00e3o F\u00edsica, com a Vis\u00e3o de se tornar uma entidade esportiva de refer\u00eancia<\/p>\n","protected":false},"author":1,"featured_media":0,"parent":0,"menu_order":0,"comment_status":"closed","ping_status":"closed","template":"","meta":{"ngg_post_thumbnail":0,"footnotes":""},"class_list":["post-2","page","type-page","status-publish","hentry"],"_links":{"self":[{"href":"https:\/\/abesc.com.br\/index.php?rest_route=\/wp\/v2\/pages\/2","targetHints":{"allow":["GET"]}}],"collection":[{"href":"https:\/\/abesc.com.br\/index.php?rest_route=\/wp\/v2\/pages"}],"about":[{"href":"https:\/\/abesc.com.br\/index.php?rest_route=\/wp\/v2\/types\/page"}],"author":[{"embeddable":true,"href":"https:\/\/abesc.com.br\/index.php?rest_route=\/wp\/v2\/users\/1"}],"replies":[{"embeddable":true,"href":"https:\/\/abesc.com.br\/index.php?rest_route=%2Fwp%2Fv2%2Fcomments&post=2"}],"version-history":[{"count":67,"href":"https:\/\/abesc.com.br\/index.php?rest_route=\/wp\/v2\/pages\/2\/revisions"}],"predecessor-version":[{"id":1700,"href":"https:\/\/abesc.com.br\/index.php?rest_route=\/wp\/v2\/pages\/2\/revisions\/1700"}],"wp:attachment":[{"href":"https:\/\/abesc.com.br\/index.php?rest_route=%2Fwp%2Fv2%2Fmedia&parent=2"}],"curies":[{"name":"wp","href":"https:\/\/api.w.org\/{rel}","templated":true}]}}