{"id":549,"date":"2017-10-03T15:41:52","date_gmt":"2017-10-03T18:41:52","guid":{"rendered":"http:\/\/abesc.com.br\/?page_id=549"},"modified":"2021-07-01T21:41:04","modified_gmt":"2021-07-02T00:41:04","slug":"projeto-nucleo-esportivo-da-abesc","status":"publish","type":"page","link":"http:\/\/abesc.com.br\/?page_id=549","title":{"rendered":"N\u00facleos Esportivos"},"content":{"rendered":"\n<p>O projeto N\u00facleo Esportivo oferece aulas de handebol para 240 crian\u00e7as e adolescentes em Pomp\u00e9u e Belo Horizonte, todos estudantes de escolas p\u00fablicas. Os principais objetivos do projeto s\u00e3o a forma\u00e7\u00e3o de atletas de handebol e o desenvolvimento humano de todos os participantes. <br>As atividades s\u00e3o realizadas 3 vezes por semana em cada um dos n\u00facleos, sendo que os alunos-atletas s\u00e3o divididos por idade para a realiza\u00e7\u00e3o dos treinamentos. <br><br>A AGROPEU \u00e9 a empresa apoiadora do projeto, que \u00e9 executado pela Lei Estadual de Incentivo ao Esporte<\/p>\n\n\n\n<figure class=\"wp-block-gallery columns-1 is-cropped wp-block-gallery-1 is-layout-flex wp-block-gallery-is-layout-flex\"><ul class=\"blocks-gallery-grid\"><li class=\"blocks-gallery-item\"><figure><a href=\"https:\/\/abesc.com.br\/wp-content\/uploads\/2021\/06\/WhatsApp-Image-2021-06-14-at-20.58.38-1.jpeg\"><img fetchpriority=\"high\" decoding=\"async\" width=\"1024\" height=\"768\" src=\"https:\/\/abesc.com.br\/wp-content\/uploads\/2021\/06\/WhatsApp-Image-2021-06-14-at-20.58.38-1-1024x768.jpeg\" alt=\"\" data-id=\"1335\" data-full-url=\"https:\/\/abesc.com.br\/wp-content\/uploads\/2021\/06\/WhatsApp-Image-2021-06-14-at-20.58.38-1.jpeg\" data-link=\"https:\/\/abesc.com.br\/projeto-nucleo-esportivo-da-abesc\/whatsapp-image-2021-06-14-at-20-58-38-1\/\" class=\"wp-image-1335\" srcset=\"http:\/\/abesc.com.br\/wp-content\/uploads\/2021\/06\/WhatsApp-Image-2021-06-14-at-20.58.38-1-1024x768.jpeg 1024w, http:\/\/abesc.com.br\/wp-content\/uploads\/2021\/06\/WhatsApp-Image-2021-06-14-at-20.58.38-1-300x225.jpeg 300w, http:\/\/abesc.com.br\/wp-content\/uploads\/2021\/06\/WhatsApp-Image-2021-06-14-at-20.58.38-1-768x576.jpeg 768w, http:\/\/abesc.com.br\/wp-content\/uploads\/2021\/06\/WhatsApp-Image-2021-06-14-at-20.58.38-1.jpeg 1280w\" sizes=\"(max-width: 1024px) 100vw, 1024px\" \/><\/a><\/figure><\/li><\/ul><\/figure>\n\n\n\n<div class=\"wp-block-columns is-layout-flex wp-container-core-columns-is-layout-9d6595d7 wp-block-columns-is-layout-flex\">\n<div class=\"wp-block-column is-layout-flow wp-block-column-is-layout-flow\" style=\"flex-basis:100%\">\n<figure class=\"wp-block-table aligncenter\"><table><tbody><tr><td><img decoding=\"async\" width=\"200\" height=\"200\" class=\"wp-image-1202\" style=\"width: 200px;\" src=\"http:\/\/abesc.com.br\/wp-content\/uploads\/2021\/06\/agropeu.jpg\" alt=\"\" srcset=\"http:\/\/abesc.com.br\/wp-content\/uploads\/2021\/06\/agropeu.jpg 400w, http:\/\/abesc.com.br\/wp-content\/uploads\/2021\/06\/agropeu-300x300.jpg 300w, http:\/\/abesc.com.br\/wp-content\/uploads\/2021\/06\/agropeu-150x150.jpg 150w, http:\/\/abesc.com.br\/wp-content\/uploads\/2021\/06\/agropeu-230x230.jpg 230w, http:\/\/abesc.com.br\/wp-content\/uploads\/2021\/06\/agropeu-330x330.jpg 330w\" sizes=\"(max-width: 200px) 100vw, 200px\" \/><\/td><td><br><br><img decoding=\"async\" width=\"200\" height=\"121\" class=\"wp-image-602\" style=\"width: 200px;\" src=\"http:\/\/abesc.com.br\/wp-content\/uploads\/2017\/10\/incentivo-horizontal-1-e1514974399240.jpg\" alt=\"\"><\/td><td><br><br><img loading=\"lazy\" decoding=\"async\" width=\"200\" height=\"71\" class=\"wp-image-553\" style=\"width: 200px;\" src=\"http:\/\/abesc.com.br\/wp-content\/uploads\/2017\/10\/MARCA-GOVERNO-MINAS-2015-SECRETARIA-ESPORTES-CMYK.jpg\" alt=\"\" srcset=\"http:\/\/abesc.com.br\/wp-content\/uploads\/2017\/10\/MARCA-GOVERNO-MINAS-2015-SECRETARIA-ESPORTES-CMYK.jpg 1984w, http:\/\/abesc.com.br\/wp-content\/uploads\/2017\/10\/MARCA-GOVERNO-MINAS-2015-SECRETARIA-ESPORTES-CMYK-300x107.jpg 300w, http:\/\/abesc.com.br\/wp-content\/uploads\/2017\/10\/MARCA-GOVERNO-MINAS-2015-SECRETARIA-ESPORTES-CMYK-768x274.jpg 768w, http:\/\/abesc.com.br\/wp-content\/uploads\/2017\/10\/MARCA-GOVERNO-MINAS-2015-SECRETARIA-ESPORTES-CMYK-1024x365.jpg 1024w\" sizes=\"(max-width: 200px) 100vw, 200px\" \/><\/td><\/tr><\/tbody><\/table><\/figure>\n\n\n\n<p><\/p>\n<\/div>\n<\/div>\n\n\n\n<div class=\"wp-block-group\"><div class=\"wp-block-group__inner-container is-layout-flow wp-block-group-is-layout-flow\">\n<div class=\"wp-block-columns is-layout-flex wp-container-core-columns-is-layout-9d6595d7 wp-block-columns-is-layout-flex\">\n<div class=\"wp-block-column is-layout-flow wp-block-column-is-layout-flow\" style=\"flex-basis:100%\"><\/div>\n<\/div>\n<\/div><\/div>\n","protected":false},"excerpt":{"rendered":"<p>O projeto N\u00facleo Esportivo oferece aulas de handebol para 240 crian\u00e7as e adolescentes em Pomp\u00e9u e Belo Horizonte, todos estudantes de escolas p\u00fablicas. Os principais objetivos do projeto s\u00e3o a forma\u00e7\u00e3o de atletas de handebol e o desenvolvimento humano de<\/p>\n","protected":false},"author":1,"featured_media":551,"parent":0,"menu_order":0,"comment_status":"closed","ping_status":"closed","template":"","meta":{"ngg_post_thumbnail":0,"footnotes":""},"class_list":["post-549","page","type-page","status-publish","has-post-thumbnail","hentry"],"_links":{"self":[{"href":"http:\/\/abesc.com.br\/index.php?rest_route=\/wp\/v2\/pages\/549","targetHints":{"allow":["GET"]}}],"collection":[{"href":"http:\/\/abesc.com.br\/index.php?rest_route=\/wp\/v2\/pages"}],"about":[{"href":"http:\/\/abesc.com.br\/index.php?rest_route=\/wp\/v2\/types\/page"}],"author":[{"embeddable":true,"href":"http:\/\/abesc.com.br\/index.php?rest_route=\/wp\/v2\/users\/1"}],"replies":[{"embeddable":true,"href":"http:\/\/abesc.com.br\/index.php?rest_route=%2Fwp%2Fv2%2Fcomments&post=549"}],"version-history":[{"count":17,"href":"http:\/\/abesc.com.br\/index.php?rest_route=\/wp\/v2\/pages\/549\/revisions"}],"predecessor-version":[{"id":1481,"href":"http:\/\/abesc.com.br\/index.php?rest_route=\/wp\/v2\/pages\/549\/revisions\/1481"}],"wp:featuredmedia":[{"embeddable":true,"href":"http:\/\/abesc.com.br\/index.php?rest_route=\/wp\/v2\/media\/551"}],"wp:attachment":[{"href":"http:\/\/abesc.com.br\/index.php?rest_route=%2Fwp%2Fv2%2Fmedia&parent=549"}],"curies":[{"name":"wp","href":"https:\/\/api.w.org\/{rel}","templated":true}]}}