{"id":1302,"date":"2021-06-24T21:34:51","date_gmt":"2021-06-25T00:34:51","guid":{"rendered":"https:\/\/abesc.com.br\/?page_id=1302"},"modified":"2021-06-25T15:00:49","modified_gmt":"2021-06-25T18:00:49","slug":"esporte-transformando-historias","status":"publish","type":"page","link":"http:\/\/abesc.com.br\/?page_id=1302","title":{"rendered":"Esporte Transformando Hist\u00f3rias"},"content":{"rendered":"\n<p>Projeto esportivo que oferecer\u00e1 aulas de futsal e futebol society para 60 crian\u00e7as e adolescentes na cidade de Pomp\u00e9u.<br>O projeto \u00e9 apoiado pela Agropeu por meio da Lei Estadual de Incentivo ao Esporte e tem previs\u00e3o de in\u00edcio ainda em 2021.<\/p>\n\n\n\n<div class=\"wp-block-image\"><figure class=\"aligncenter size-large\"><a href=\"https:\/\/abesc.com.br\/wp-content\/uploads\/2021\/06\/em-breve.png\"><img fetchpriority=\"high\" decoding=\"async\" width=\"234\" height=\"215\" src=\"https:\/\/abesc.com.br\/wp-content\/uploads\/2021\/06\/em-breve.png\" alt=\"\" class=\"wp-image-1365\"\/><\/a><\/figure><\/div>\n\n\n\n<div class=\"wp-block-columns is-layout-flex wp-container-core-columns-is-layout-9d6595d7 wp-block-columns-is-layout-flex\">\n<div class=\"wp-block-column is-layout-flow wp-block-column-is-layout-flow\" style=\"flex-basis:100%\">\n<figure class=\"wp-block-table aligncenter\"><table><tbody><tr><td><img decoding=\"async\" width=\"200\" height=\"200\" class=\"wp-image-1202\" style=\"width: 200px;\" src=\"http:\/\/abesc.com.br\/wp-content\/uploads\/2021\/06\/agropeu.jpg\" alt=\"\" srcset=\"http:\/\/abesc.com.br\/wp-content\/uploads\/2021\/06\/agropeu.jpg 400w, http:\/\/abesc.com.br\/wp-content\/uploads\/2021\/06\/agropeu-300x300.jpg 300w, http:\/\/abesc.com.br\/wp-content\/uploads\/2021\/06\/agropeu-150x150.jpg 150w, http:\/\/abesc.com.br\/wp-content\/uploads\/2021\/06\/agropeu-230x230.jpg 230w, http:\/\/abesc.com.br\/wp-content\/uploads\/2021\/06\/agropeu-330x330.jpg 330w\" sizes=\"(max-width: 200px) 100vw, 200px\" \/><\/td><td><img decoding=\"async\" width=\"200\" height=\"121\" class=\"wp-image-602\" style=\"width: 200px;\" src=\"http:\/\/abesc.com.br\/wp-content\/uploads\/2017\/10\/incentivo-horizontal-1-e1514974399240.jpg\" alt=\"\"><\/td><td><img loading=\"lazy\" decoding=\"async\" width=\"200\" height=\"71\" class=\"wp-image-553\" style=\"width: 200px;\" src=\"http:\/\/abesc.com.br\/wp-content\/uploads\/2017\/10\/MARCA-GOVERNO-MINAS-2015-SECRETARIA-ESPORTES-CMYK.jpg\" alt=\"\" srcset=\"http:\/\/abesc.com.br\/wp-content\/uploads\/2017\/10\/MARCA-GOVERNO-MINAS-2015-SECRETARIA-ESPORTES-CMYK.jpg 1984w, http:\/\/abesc.com.br\/wp-content\/uploads\/2017\/10\/MARCA-GOVERNO-MINAS-2015-SECRETARIA-ESPORTES-CMYK-300x107.jpg 300w, http:\/\/abesc.com.br\/wp-content\/uploads\/2017\/10\/MARCA-GOVERNO-MINAS-2015-SECRETARIA-ESPORTES-CMYK-768x274.jpg 768w, http:\/\/abesc.com.br\/wp-content\/uploads\/2017\/10\/MARCA-GOVERNO-MINAS-2015-SECRETARIA-ESPORTES-CMYK-1024x365.jpg 1024w\" sizes=\"(max-width: 200px) 100vw, 200px\" \/><\/td><\/tr><\/tbody><\/table><\/figure>\n<\/div>\n<\/div>\n","protected":false},"excerpt":{"rendered":"<p>Projeto esportivo que oferecer\u00e1 aulas de futsal e futebol society para 60 crian\u00e7as e adolescentes na cidade de Pomp\u00e9u.O projeto \u00e9 apoiado pela Agropeu por meio da Lei Estadual de Incentivo ao Esporte e tem previs\u00e3o de in\u00edcio ainda em<\/p>\n","protected":false},"author":1,"featured_media":0,"parent":0,"menu_order":0,"comment_status":"closed","ping_status":"closed","template":"","meta":{"ngg_post_thumbnail":0,"footnotes":""},"class_list":["post-1302","page","type-page","status-publish","hentry"],"_links":{"self":[{"href":"http:\/\/abesc.com.br\/index.php?rest_route=\/wp\/v2\/pages\/1302","targetHints":{"allow":["GET"]}}],"collection":[{"href":"http:\/\/abesc.com.br\/index.php?rest_route=\/wp\/v2\/pages"}],"about":[{"href":"http:\/\/abesc.com.br\/index.php?rest_route=\/wp\/v2\/types\/page"}],"author":[{"embeddable":true,"href":"http:\/\/abesc.com.br\/index.php?rest_route=\/wp\/v2\/users\/1"}],"replies":[{"embeddable":true,"href":"http:\/\/abesc.com.br\/index.php?rest_route=%2Fwp%2Fv2%2Fcomments&post=1302"}],"version-history":[{"count":5,"href":"http:\/\/abesc.com.br\/index.php?rest_route=\/wp\/v2\/pages\/1302\/revisions"}],"predecessor-version":[{"id":1366,"href":"http:\/\/abesc.com.br\/index.php?rest_route=\/wp\/v2\/pages\/1302\/revisions\/1366"}],"wp:attachment":[{"href":"http:\/\/abesc.com.br\/index.php?rest_route=%2Fwp%2Fv2%2Fmedia&parent=1302"}],"curies":[{"name":"wp","href":"https:\/\/api.w.org\/{rel}","templated":true}]}}